{"id":587,"date":"2023-07-05T20:38:18","date_gmt":"2023-07-05T18:38:18","guid":{"rendered":"http:\/\/inzieye.com\/index.php\/ateliers-formations\/"},"modified":"2024-11-13T18:04:19","modified_gmt":"2024-11-13T17:04:19","slug":"ateliers-formations","status":"publish","type":"page","link":"https:\/\/inzieye.com\/index.php\/ateliers-formations\/","title":{"rendered":"Ateliers \/ Formations"},"content":{"rendered":"<div data-colibri-id=\"587-c1\" class=\"style-353 style-local-587-c1 position-relative\">\n  <!---->\n  <div data-colibri-component=\"section\" data-colibri-id=\"587-c2\" id=\"custom\" class=\"h-section h-section-global-spacing d-flex align-items-lg-center align-items-md-center align-items-center style-354 style-local-587-c2 position-relative\">\n    <!---->\n    <!---->\n    <div class=\"h-section-grid-container h-section-boxed-container\">\n      <!---->\n      <div data-colibri-id=\"587-c3\" class=\"h-row-container gutters-row-lg-2 gutters-row-md-2 gutters-row-0 gutters-row-v-lg-2 gutters-row-v-md-2 gutters-row-v-2 style-355 style-local-587-c3 position-relative\">\n        <!---->\n        <div class=\"h-row justify-content-lg-center justify-content-md-center justify-content-center align-items-lg-stretch align-items-md-stretch align-items-stretch gutters-col-lg-2 gutters-col-md-2 gutters-col-0 gutters-col-v-lg-2 gutters-col-v-md-2 gutters-col-v-2\">\n          <!---->\n          <div class=\"h-column h-column-container d-flex h-col-lg-auto h-col-md-auto h-col-auto style-356-outer style-local-587-c4-outer\">\n            <div data-colibri-id=\"587-c4\" class=\"d-flex h-flex-basis h-column__inner h-px-lg-2 h-px-md-2 h-px-2 v-inner-lg-2 v-inner-md-2 v-inner-2 style-356 style-local-587-c4 position-relative\">\n              <!---->\n              <!---->\n              <div class=\"w-100 h-y-container h-column__content h-column__v-align flex-basis-100 align-self-lg-start align-self-md-start align-self-start\">\n                <!---->\n                <div data-colibri-id=\"587-c5\" class=\"h-lead h-text h-text-component style-286 style-local-587-c5 position-relative h-element\">\n                  <!---->\n                  <!---->\n                  <div class=\"\">\n                    <p>Ateliers \/ Formations<\/p>\n                  <\/div>\n                <\/div>\n              <\/div>\n            <\/div>\n          <\/div>\n        <\/div>\n      <\/div>\n    <\/div>\n  <\/div>\n  <div data-colibri-component=\"section\" data-colibri-id=\"587-c6\" id=\"about-2\" class=\"h-section h-section-global-spacing d-flex align-items-lg-center align-items-md-center align-items-center style-370 style-local-587-c6 position-relative\">\n    <div class=\"background-wrapper\">\n      <div class=\"background-layer background-layer-media-container-lg\">\n        <!---->\n        <div class=\"overlay-layer\">\n          <div class=\"overlay-image-layer\" style=\"background-color: rgb(255, 255, 255); opacity: 0.9;\"><\/div>\n        <\/div>\n      <\/div>\n      <div class=\"background-layer background-layer-media-container-md\">\n        <!---->\n        <div class=\"overlay-layer\">\n          <div class=\"overlay-image-layer\" style=\"background-color: rgb(255, 255, 255); opacity: 0.9;\"><\/div>\n        <\/div>\n      <\/div>\n      <div class=\"background-layer background-layer-media-container\">\n        <!---->\n        <div class=\"overlay-layer\">\n          <div class=\"overlay-image-layer\" style=\"background-color: rgb(255, 255, 255); opacity: 0.9;\"><\/div>\n        <\/div>\n      <\/div>\n    <\/div>\n    <!---->\n    <div class=\"h-section-grid-container h-section-boxed-container\">\n      <!---->\n      <div data-colibri-id=\"587-c7\" class=\"h-row-container gutters-row-lg-0 gutters-row-md-0 gutters-row-0 gutters-row-v-lg-0 gutters-row-v-md-0 gutters-row-v-0 style-371 style-local-587-c7 position-relative\">\n        <!---->\n        <div class=\"h-row justify-content-lg-center justify-content-md-center justify-content-center align-items-lg-stretch align-items-md-stretch align-items-stretch gutters-col-lg-0 gutters-col-md-0 gutters-col-0 gutters-col-v-lg-0 gutters-col-v-md-0 gutters-col-v-0\">\n          <!---->\n          <div class=\"h-column h-column-container d-flex h-col-lg-auto h-col-md-auto h-col-auto style-372-outer style-local-587-c8-outer\">\n            <div data-colibri-id=\"587-c8\" class=\"d-flex h-flex-basis h-column__inner h-px-lg-3 h-px-md-3 h-px-3 v-inner-lg-3 v-inner-md-3 v-inner-3 style-372 style-local-587-c8 position-relative\">\n              <!---->\n              <!---->\n              <div class=\"w-100 h-y-container h-column__content h-column__v-align flex-basis-100 align-self-lg-center align-self-md-center align-self-center\">\n                <!---->\n                <div data-colibri-id=\"587-c9\" class=\"h-global-transition-all h-heading style-373 style-local-587-c9 position-relative h-element\">\n                  <!---->\n                  <div class=\"h-heading__outer style-373 style-local-587-c9\">\n                    <!---->\n                    <!---->\n                    <h1 class=\"\">Animation d&#8217;ateliers et de formations pour l&#8217;association montevideo.<\/h1>\n                  <\/div>\n                <\/div>\n                <div data-colibri-id=\"587-c10\" class=\"h-text h-text-component style-374 style-local-587-c10 position-relative h-element\">\n                  <!---->\n                  <!---->\n                  <div class=\"\">\n                    <p>J&#8217;organise et anime des ateliers d&#8217;\u00e9ducation \u00e0 l&#8217;image : r\u00e9alisation, fond vert et programmation.<\/p>\n                    <p>J&#8217;interviens \u00e9galement comme formateur en production et post-production audiovisuelle.<\/p>\n                  <\/div>\n                <\/div>\n                <div data-colibri-id=\"587-c11\" class=\"h-x-container style-375 style-local-587-c11 position-relative h-element\">\n                  <!---->\n                  <div class=\"h-x-container-inner style-dynamic-587-c11-group style-375-spacing style-local-587-c11-spacing\"><span class=\"h-button__outer style-376-outer style-local-587-c12-outer d-inline-flex h-element\"><a h-use-smooth-scroll=\"true\" href=\"http:\/\/assomontevideo.com\/index.php\/education-a-limage\/\" target=\"_blank\"  data-colibri-id=\"587-c12\" class=\"d-flex w-100 align-items-center h-button justify-content-lg-center justify-content-md-center justify-content-center style-376 style-local-587-c12 position-relative\"><!----><!----> <span> + d&#8217;infos<\/span><\/a>\n                    <\/span>\n                  <\/div>\n                <\/div>\n              <\/div>\n            <\/div>\n          <\/div>\n          <div class=\"h-column h-column-container d-flex h-col-lg-auto h-col-md-auto h-col-auto style-377-outer style-local-587-c13-outer\">\n            <div data-colibri-id=\"587-c13\" class=\"d-flex h-flex-basis h-column__inner h-ui-empty-state-container h-px-lg-2 h-px-md-2 h-px-0 v-inner-lg-2 v-inner-md-2 v-inner-0 style-377 style-local-587-c13 position-relative\">\n              <!---->\n              <!---->\n              <div class=\"w-100 h-y-container h-column__content h-column__v-align flex-basis-100\">\n                <!---->\n              <\/div>\n            <\/div>\n          <\/div>\n        <\/div>\n      <\/div>\n      <div data-colibri-id=\"587-c15\" class=\"h-row-container gutters-row-lg-2 gutters-row-md-2 gutters-row-0 gutters-row-v-lg-2 gutters-row-v-md-2 gutters-row-v-2 style-396 style-local-587-c15 position-relative\">\n        <!---->\n        <div class=\"h-row justify-content-lg-center justify-content-md-center justify-content-center align-items-lg-stretch align-items-md-stretch align-items-stretch gutters-col-lg-2 gutters-col-md-2 gutters-col-0 gutters-col-v-lg-2 gutters-col-v-md-2 gutters-col-v-2\">\n          <!---->\n          <div class=\"h-column h-column-container d-flex h-col-lg-auto h-col-md-auto h-col-auto style-397-outer style-local-587-c16-outer\">\n            <div data-colibri-id=\"587-c16\" class=\"d-flex h-flex-basis h-column__inner h-px-lg-2 h-px-md-2 h-px-2 v-inner-lg-2 v-inner-md-2 v-inner-2 style-397 style-local-587-c16 position-relative\">\n              <!---->\n              <!---->\n              <div class=\"w-100 h-y-container h-column__content h-column__v-align flex-basis-100 align-self-lg-start align-self-md-start align-self-start\">\n                <!---->\n                <div data-colibri-id=\"587-c18\" class=\"d-block style-399 style-local-587-c18 position-relative h-element\">\n                  <!---->\n                  <div class=\"h-image__frame-container-outer\">\n                    <a href=\"https:\/\/assomontevideo.com\/index.php\/education-a-limage\/\" h-use-smooth-scroll=\"true\" class=\"image-link\">\n                      <div class=\"h-image__frame-container\">\n                        <!---->\n                        <!---->\n                        <img loading=\"lazy\" decoding=\"async\" width=\"1511\" height=\"669\" src=\"http:\/\/inzieye.com\/wp-content\/uploads\/2024\/11\/cropped-logo_noir_trans.png\" class=\"wp-image-731 style-399-image style-local-587-c18-image\" alt=\"\" srcset=\"https:\/\/inzieye.com\/wp-content\/uploads\/2024\/11\/cropped-logo_noir_trans.png 1511w, https:\/\/inzieye.com\/wp-content\/uploads\/2024\/11\/cropped-logo_noir_trans-300x133.png 300w, https:\/\/inzieye.com\/wp-content\/uploads\/2024\/11\/cropped-logo_noir_trans-1024x453.png 1024w, https:\/\/inzieye.com\/wp-content\/uploads\/2024\/11\/cropped-logo_noir_trans-768x340.png 768w\" sizes=\"auto, (max-width: 1511px) 100vw, 1511px\" \/>\n                        <div class=\"h-image__frame h-hide-lg h-hide-md h-hide-sm style-399-frameImage style-local-587-c18-frameImage\"><\/div>\n                      <\/div>\n                    <\/a>\n                  <\/div>\n                <\/div>\n              <\/div>\n            <\/div>\n          <\/div>\n        <\/div>\n      <\/div>\n    <\/div>\n  <\/div>\n<\/div>","protected":false},"excerpt":{"rendered":"<p>Ateliers \/ Formations Animation d&#8217;ateliers et de formations pour l&#8217;association montevideo. J&#8217;organise et anime des ateliers d&#8217;\u00e9ducation \u00e0 l&#8217;image : r\u00e9alisation, fond vert et programmation. J&#8217;interviens \u00e9galement comme formateur en production et post-production audiovisuelle. + d&#8217;infos<\/p>\n","protected":false},"author":1,"featured_media":0,"parent":0,"menu_order":0,"comment_status":"closed","ping_status":"closed","template":"page-templates\/full-width-page.php","meta":{"footnotes":""},"class_list":["post-587","page","type-page","status-publish","hentry"],"_links":{"self":[{"href":"https:\/\/inzieye.com\/index.php\/wp-json\/wp\/v2\/pages\/587","targetHints":{"allow":["GET"]}}],"collection":[{"href":"https:\/\/inzieye.com\/index.php\/wp-json\/wp\/v2\/pages"}],"about":[{"href":"https:\/\/inzieye.com\/index.php\/wp-json\/wp\/v2\/types\/page"}],"author":[{"embeddable":true,"href":"https:\/\/inzieye.com\/index.php\/wp-json\/wp\/v2\/users\/1"}],"replies":[{"embeddable":true,"href":"https:\/\/inzieye.com\/index.php\/wp-json\/wp\/v2\/comments?post=587"}],"version-history":[{"count":9,"href":"https:\/\/inzieye.com\/index.php\/wp-json\/wp\/v2\/pages\/587\/revisions"}],"predecessor-version":[{"id":733,"href":"https:\/\/inzieye.com\/index.php\/wp-json\/wp\/v2\/pages\/587\/revisions\/733"}],"wp:attachment":[{"href":"https:\/\/inzieye.com\/index.php\/wp-json\/wp\/v2\/media?parent=587"}],"curies":[{"name":"wp","href":"https:\/\/api.w.org\/{rel}","templated":true}]}}