{"id":5,"date":"2023-07-04T11:43:54","date_gmt":"2023-07-04T09:43:54","guid":{"rendered":"http:\/\/inzieye.com\/index.php\/colibri-wp\/"},"modified":"2025-04-01T12:26:15","modified_gmt":"2025-04-01T10:26:15","slug":"colibri-wp","status":"publish","type":"page","link":"https:\/\/inzieye.com\/","title":{"rendered":"Front Page"},"content":{"rendered":"<div data-colibri-id=\"5-c1\" class=\"style-192 style-local-5-c1 position-relative\">\n  <!---->\n  <div data-colibri-component=\"section\" data-colibri-id=\"5-c2\" data-aos=\"fadeIn\" id=\"custom\" class=\"h-section h-section-global-spacing d-flex align-items-lg-center align-items-md-center align-items-end style-195 style-local-5-c2 position-relative\">\n    <!---->\n    <!---->\n    <div class=\"h-section-grid-container h-section-boxed-container\">\n      <!---->\n      <div data-colibri-id=\"5-c3\" data-aos=\"fadeIn\" class=\"h-row-container gutters-row-lg-3 gutters-row-md-3 gutters-row-0 gutters-row-v-lg-3 gutters-row-v-md-3 gutters-row-v-3 style-218 style-local-5-c3 position-relative\">\n        <!---->\n        <div class=\"h-row justify-content-lg-center justify-content-md-center justify-content-center align-items-lg-stretch align-items-md-stretch align-items-stretch gutters-col-lg-3 gutters-col-md-3 gutters-col-0 gutters-col-v-lg-3 gutters-col-v-md-3 gutters-col-v-3\">\n          <!---->\n          <div class=\"h-column h-column-container d-flex h-col-lg-auto h-col-md-auto h-col-auto style-220-outer style-local-5-c4-outer\">\n            <div data-colibri-id=\"5-c4\" class=\"d-flex h-flex-basis h-column__inner h-px-lg-3 h-px-md-3 h-px-3 v-inner-lg-3 v-inner-md-3 v-inner-3 style-220 style-local-5-c4 position-relative\">\n              <!---->\n              <!---->\n              <div class=\"w-100 h-y-container h-column__content h-column__v-align flex-basis-100 align-self-lg-start align-self-md-start align-self-start\">\n                <!---->\n                <div data-colibri-id=\"5-c5\" class=\"h-lead h-text h-text-component style-221 style-local-5-c5 position-relative h-element\">\n                  <!---->\n                  <!---->\n                  <div class=\"\">\n                    <p><span style=\"font-weight: 400;\">Production vid\u00e9o &amp; \u00c9ducation \u00e0 l&#8217;image<\/span><\/p>\n                  <\/div>\n                <\/div>\n              <\/div>\n            <\/div>\n          <\/div>\n        <\/div>\n      <\/div>\n      <div data-colibri-id=\"5-c6\" data-aos=\"fadeIn\" class=\"h-row-container gutters-row-lg-2 gutters-row-md-2 gutters-row-0 gutters-row-v-lg-2 gutters-row-v-md-2 gutters-row-v-2 style-222 style-local-5-c6 position-relative\">\n        <!---->\n        <div class=\"h-row justify-content-lg-center justify-content-md-center justify-content-center align-items-lg-stretch align-items-md-stretch align-items-stretch gutters-col-lg-2 gutters-col-md-2 gutters-col-0 gutters-col-v-lg-2 gutters-col-v-md-2 gutters-col-v-2\">\n          <!---->\n          <div class=\"h-column h-column-container d-flex h-col-lg-auto h-col-md-auto h-col-auto style-223-outer style-local-5-c7-outer\">\n            <div data-colibri-id=\"5-c7\" class=\"d-flex h-flex-basis h-column__inner h-px-lg-2 h-px-md-2 h-px-2 v-inner-lg-2 v-inner-md-2 v-inner-2 style-223 style-local-5-c7 position-relative\">\n              <!---->\n              <!---->\n              <div class=\"w-100 h-y-container h-column__content h-column__v-align flex-basis-100 align-self-lg-start align-self-md-start align-self-start\">\n                <!---->\n                <div data-colibri-id=\"5-c8\" class=\"h-x-container style-235 style-local-5-c8 position-relative h-element\">\n                  <!---->\n                  <div class=\"h-x-container-inner style-dynamic-5-c8-group style-235-spacing style-local-5-c8-spacing\"><span class=\"h-button__outer style-236-outer style-local-5-c9-outer d-inline-flex h-element\"><a h-use-smooth-scroll=\"true\" href=\"mailto:inzieye@gmai.com\"  data-colibri-id=\"5-c9\" class=\"d-flex w-100 align-items-center h-button justify-content-lg-center justify-content-md-center justify-content-center style-236 style-local-5-c9 position-relative\"><!----><span  class=\"h-svg-icon h-button__icon style-236-icon style-local-5-c9-icon\"><!--Icon by Font Awesome (https:\/\/fontawesome.com)-->\n    <svg version=\"1.1\" xmlns=\"http:\/\/www.w3.org\/2000\/svg\" xmlns:xlink=\"http:\/\/www.w3.org\/1999\/xlink\" id=\"envelope-o\" viewBox=\"0 0 1792 1896.0833\">\n      <path d=\"M1664 1504V736q-32 36-69 66-268 206-426 338-51 43-83 67t-86.5 48.5T897 1280h-2q-48 0-102.5-24.5T706 1207t-83-67q-158-132-426-338-37-30-69-66v768q0 13 9.5 22.5t22.5 9.5h1472q13 0 22.5-9.5t9.5-22.5zm0-1051v-24.5l-.5-13-3-12.5-5.5-9-9-7.5-14-2.5H160q-13 0-22.5 9.5T128 416q0 168 147 284 193 152 401 317 6 5 35 29.5t46 37.5 44.5 31.5T852 1143t43 9h2q20 0 43-9t50.5-27.5 44.5-31.5 46-37.5 35-29.5q208-165 401-317 54-43 100.5-115.5T1664 453zm128-37v1088q0 66-47 113t-113 47H160q-66 0-113-47T0 1504V416q0-66 47-113t113-47h1472q66 0 113 47t47 113z\"><\/path>\n    <\/svg><\/span> <span>CONTACT<\/span><\/a>\n                    <\/span>\n                  <\/div>\n                <\/div>\n              <\/div>\n            <\/div>\n          <\/div>\n        <\/div>\n      <\/div>\n      <div data-colibri-id=\"5-c10\" class=\"h-row-container gutters-row-lg-2 gutters-row-md-2 gutters-row-0 gutters-row-v-lg-2 gutters-row-v-md-2 gutters-row-v-0 style-207 style-local-5-c10 position-relative\">\n        <!---->\n        <div class=\"h-row justify-content-lg-center justify-content-md-center justify-content-center align-items-lg-stretch align-items-md-stretch align-items-stretch gutters-col-lg-2 gutters-col-md-2 gutters-col-0 gutters-col-v-lg-2 gutters-col-v-md-2 gutters-col-v-0\">\n          <!---->\n          <div class=\"h-column h-column-container d-flex h-col-lg-auto h-col-md-auto h-col-auto style-208-outer style-local-5-c11-outer\">\n            <div data-colibri-id=\"5-c11\" class=\"d-flex h-flex-basis h-column__inner h-px-lg-2 h-px-md-2 h-px-2 v-inner-lg-2 v-inner-md-2 v-inner-2 style-208 style-local-5-c11 position-relative\">\n              <!---->\n              <!---->\n              <div class=\"w-100 h-y-container h-column__content h-column__v-align flex-basis-100 align-self-lg-start align-self-md-start align-self-start\">\n                <!---->\n                <div data-colibri-id=\"5-c12\" class=\"h-text h-text-component style-210 style-local-5-c12 position-relative h-element\">\n                  <!---->\n                  <!---->\n                  <div class=\"\">\n                    <p><span style=\"font-weight: 600;\">Derni\u00e8re r\u00e9alisation<\/span><\/p>\n                  <\/div>\n                <\/div>\n              <\/div>\n            <\/div>\n          <\/div>\n        <\/div>\n      <\/div>\n      <div data-colibri-id=\"5-c13\" class=\"h-row-container gutters-row-lg-2 gutters-row-md-2 gutters-row-0 gutters-row-v-lg-2 gutters-row-v-md-2 gutters-row-v-2 style-198 style-local-5-c13 position-relative\">\n        <!---->\n        <div class=\"h-row justify-content-lg-center justify-content-md-center justify-content-center align-items-lg-stretch align-items-md-stretch align-items-stretch gutters-col-lg-2 gutters-col-md-2 gutters-col-0 gutters-col-v-lg-2 gutters-col-v-md-2 gutters-col-v-2\">\n          <!---->\n          <div class=\"h-column h-column-container d-flex h-col-lg-auto h-col-md-auto h-col-auto style-199-outer style-local-5-c14-outer\">\n            <div data-colibri-id=\"5-c14\" class=\"d-flex h-flex-basis h-column__inner h-px-lg-2 h-px-md-2 h-px-2 v-inner-lg-2 v-inner-md-2 v-inner-2 style-199 style-local-5-c14 position-relative\">\n              <!---->\n              <!---->\n              <div class=\"w-100 h-y-container h-column__content h-column__v-align flex-basis-100 align-self-lg-start align-self-md-start align-self-start\">\n                <!---->\n                <div data-colibri-component=\"video\" data-colibri-id=\"5-c15\" class=\"d-block h-video d-block h-video style-200 style-local-5-c15 position-relative h-element\">\n                  <!---->\n                  <!---->\n                  <div class=\"video-container position-relative\">\n                    <div class=\"h-global-transition-all ratio-inner\"><iframe src=https:\/\/player.vimeo.com\/video\/831228211?autoplay=0&#038;autopause=0&#038;muted=0&#038;title=1&#038;portrait=1&#038;byline=1&#038;api=1&#038;#t=00s class='h-video-main'  allowfullscreen><\/iframe><\/div>\n                  <\/div>\n                <\/div>\n              <\/div>\n            <\/div>\n          <\/div>\n        <\/div>\n      <\/div>\n    <\/div>\n  <\/div>\n  <div data-colibri-component=\"section\" data-colibri-id=\"5-c17\" data-aos=\"fadeIn\" id=\"custom-2\" class=\"h-section h-section-global-spacing d-flex align-items-lg-center align-items-md-center align-items-center style-202 style-local-5-c17 position-relative\">\n    <!---->\n    <!---->\n    <div class=\"h-section-grid-container h-section-boxed-container\">\n      <!---->\n      <div data-colibri-id=\"5-c18\" class=\"h-row-container gutters-row-lg-2 gutters-row-md-2 gutters-row-0 gutters-row-v-lg-2 gutters-row-v-md-2 gutters-row-v-0 style-203 style-local-5-c18 position-relative\">\n        <!---->\n        <div class=\"h-row justify-content-lg-center justify-content-md-center justify-content-center align-items-lg-stretch align-items-md-stretch align-items-stretch gutters-col-lg-2 gutters-col-md-2 gutters-col-0 gutters-col-v-lg-2 gutters-col-v-md-2 gutters-col-v-0\">\n          <!---->\n          <div class=\"h-column h-column-container d-flex h-col-lg-auto h-col-md-auto h-col-auto style-204-outer style-local-5-c19-outer\">\n            <div data-colibri-id=\"5-c19\" class=\"d-flex h-flex-basis h-column__inner h-px-lg-2 h-px-md-2 h-px-2 v-inner-lg-2 v-inner-md-2 v-inner-2 style-204 style-local-5-c19 position-relative\">\n              <!---->\n              <!---->\n              <div class=\"w-100 h-y-container h-column__content h-column__v-align flex-basis-100 align-self-lg-start align-self-md-start align-self-start\">\n                <!---->\n                <div data-colibri-id=\"5-c20\" data-aos=\"fadeIn\" class=\"style-206 style-local-5-c20 position-relative h-element\">\n                  <!---->\n                  <div class=\"d-flex flex-wrap h-social-icons justify-content-lg-center justify-content-md-center justify-content-center\">\n                    <div class=\"social-icon-container d-inline-flex\">\n                      <a href=\"https:\/\/vimeo.com\/inzieye\" target=\"_blank\" h-use-smooth-scroll=\"true\">\n                        <div class=\"icon-container h-social-icon h-global-transition\">\n                          <div class=\"h-icon-svg\" style=\"width: 100%; height: 100%;\">\n                            <!--Icon by Font Awesome (https:\/\/fontawesome.com)-->\n                            <svg version=\"1.1\" xmlns=\"http:\/\/www.w3.org\/2000\/svg\" xmlns:xlink=\"http:\/\/www.w3.org\/1999\/xlink\" id=\"vimeo-square\" viewBox=\"0 0 1536 1896.0833\">\n                              <path d=\"M1292 638q10-216-161-222-231-8-312 261 44-19 82-19 85 0 74 96-4 57-74 167t-105 110q-43 0-82-169-13-54-45-255-30-189-160-177-59 7-164 100l-81 72-81 72 52 67q76-52 87-52 57 0 107 179 15 55 45 164.5t45 164.5q68 179 164 179 157 0 383-294 220-283 226-444zm244-222v960q0 119-84.5 203.5T1248 1664H288q-119 0-203.5-84.5T0 1376V416q0-119 84.5-203.5T288 128h960q119 0 203.5 84.5T1536 416z\"><\/path>\n                            <\/svg>\n                          <\/div>\n                        <\/div>\n                      <\/a>\n                    <\/div>\n                    <div class=\"social-icon-container d-inline-flex\">\n                      <a href=\"https:\/\/www.youtube.com\/channel\/UCoW0Nx-jfLzMXnNfMHOSd5Q\" target=\"_blank\" h-use-smooth-scroll=\"true\">\n                        <div class=\"icon-container h-social-icon h-global-transition\">\n                          <div class=\"h-icon-svg\" style=\"width: 100%; height: 100%;\">\n                            <!--Icon by Font Awesome (https:\/\/fontawesome.com)-->\n                            <svg version=\"1.1\" xmlns=\"http:\/\/www.w3.org\/2000\/svg\" xmlns:xlink=\"http:\/\/www.w3.org\/1999\/xlink\" id=\"youtube-square\" viewBox=\"0 0 1536 1896.0833\">\n                              <path d=\"M919 1303v-157q0-50-29-50-17 0-33 16v224q16 16 33 16 29 0 29-49zm184-122h66v-34q0-51-33-51t-33 51v34zM532 915v70h-80v423h-74V985h-78v-70h232zm201 126v367h-67v-40q-39 45-76 45-33 0-42-28-6-17-6-54v-290h66v270q0 24 1 26 1 15 15 15 20 0 42-31v-280h67zm252 111v146q0 52-7 73-12 42-53 42-35 0-68-41v36h-67V915h67v161q32-40 68-40 41 0 53 42 7 21 7 74zm251 129v9q0 29-2 43-3 22-15 40-27 40-80 40-52 0-81-38-21-27-21-86v-129q0-59 20-86 29-38 80-38t78 38q21 29 21 86v76h-133v65q0 51 34 51 24 0 30-26 0-1 .5-7t.5-16.5V1281h68zM785 457v156q0 51-32 51t-32-51V457q0-52 32-52t32 52zm533 713q0-177-19-260-10-44-43-73.5t-76-34.5q-136-15-412-15-275 0-411 15-44 5-76.5 34.5T238 910q-20 87-20 260 0 176 20 260 10 43 42.5 73t75.5 35q137 15 412 15t412-15q43-5 75.5-35t42.5-73q20-84 20-260zM563 519l90-296h-75l-51 195-53-195h-78q7 23 23 69l24 69q35 103 46 158v201h74V519zm289 81V470q0-58-21-87-29-38-78-38-51 0-78 38-21 29-21 87v130q0 58 21 87 27 38 78 38 49 0 78-38 21-27 21-87zm181 120h67V350h-67v283q-22 31-42 31-15 0-16-16-1-2-1-26V350h-67v293q0 37 6 55 11 27 43 27 36 0 77-45v40zm503-304v960q0 119-84.5 203.5T1248 1664H288q-119 0-203.5-84.5T0 1376V416q0-119 84.5-203.5T288 128h960q119 0 203.5 84.5T1536 416z\"><\/path>\n                            <\/svg>\n                          <\/div>\n                        <\/div>\n                      <\/a>\n                    <\/div>\n                    <div class=\"social-icon-container d-inline-flex\">\n                      <a href=\"https:\/\/www.facebook.com\/Inzieye\" target=\"_blank\" h-use-smooth-scroll=\"true\">\n                        <div class=\"icon-container h-social-icon h-global-transition\">\n                          <div class=\"h-icon-svg\" style=\"width: 100%; height: 100%;\">\n                            <!--Icon by Font Awesome (https:\/\/fontawesome.com)-->\n                            <svg version=\"1.1\" xmlns=\"http:\/\/www.w3.org\/2000\/svg\" xmlns:xlink=\"http:\/\/www.w3.org\/1999\/xlink\" id=\"facebook-square\" viewBox=\"0 0 1536 1896.0833\">\n                              <path d=\"M1248 128q119 0 203.5 84.5T1536 416v960q0 119-84.5 203.5T1248 1664h-188v-595h199l30-232h-229V689q0-56 23.5-84t91.5-28l122-1V369q-63-9-178-9-136 0-217.5 80T820 666v171H620v232h200v595H288q-119 0-203.5-84.5T0 1376V416q0-119 84.5-203.5T288 128h960z\"><\/path>\n                            <\/svg>\n                          <\/div>\n                        <\/div>\n                      <\/a>\n                    <\/div>\n                  <\/div>\n                <\/div>\n              <\/div>\n            <\/div>\n          <\/div>\n        <\/div>\n      <\/div>\n    <\/div>\n  <\/div>\n<\/div>","protected":false},"excerpt":{"rendered":"<p>Production vid\u00e9o &amp; \u00c9ducation \u00e0 l&#8217;image CONTACT Derni\u00e8re r\u00e9alisation<\/p>\n","protected":false},"author":1,"featured_media":0,"parent":0,"menu_order":0,"comment_status":"closed","ping_status":"closed","template":"page-templates\/homepage.php","meta":{"footnotes":""},"class_list":["post-5","page","type-page","status-publish","hentry"],"_links":{"self":[{"href":"https:\/\/inzieye.com\/index.php\/wp-json\/wp\/v2\/pages\/5","targetHints":{"allow":["GET"]}}],"collection":[{"href":"https:\/\/inzieye.com\/index.php\/wp-json\/wp\/v2\/pages"}],"about":[{"href":"https:\/\/inzieye.com\/index.php\/wp-json\/wp\/v2\/types\/page"}],"author":[{"embeddable":true,"href":"https:\/\/inzieye.com\/index.php\/wp-json\/wp\/v2\/users\/1"}],"replies":[{"embeddable":true,"href":"https:\/\/inzieye.com\/index.php\/wp-json\/wp\/v2\/comments?post=5"}],"version-history":[{"count":20,"href":"https:\/\/inzieye.com\/index.php\/wp-json\/wp\/v2\/pages\/5\/revisions"}],"predecessor-version":[{"id":741,"href":"https:\/\/inzieye.com\/index.php\/wp-json\/wp\/v2\/pages\/5\/revisions\/741"}],"wp:attachment":[{"href":"https:\/\/inzieye.com\/index.php\/wp-json\/wp\/v2\/media?parent=5"}],"curies":[{"name":"wp","href":"https:\/\/api.w.org\/{rel}","templated":true}]}}