{"id":486,"date":"2023-07-05T18:03:43","date_gmt":"2023-07-05T16:03:43","guid":{"rendered":"http:\/\/inzieye.com\/index.php\/contact\/"},"modified":"2023-07-18T13:57:10","modified_gmt":"2023-07-18T11:57:10","slug":"contact","status":"publish","type":"page","link":"https:\/\/inzieye.com\/index.php\/contact\/","title":{"rendered":"Contact"},"content":{"rendered":"<div data-colibri-id=\"486-c1\" class=\"style-331 style-local-486-c1 position-relative\">\n  <!---->\n  <div data-colibri-component=\"section\" data-colibri-id=\"486-c2\" id=\"contact\" class=\"h-section h-section-global-spacing d-flex align-items-lg-center align-items-md-center align-items-center style-332 style-local-486-c2 position-relative\">\n    <!---->\n    <!---->\n    <div class=\"h-section-grid-container h-section-boxed-container\">\n      <!---->\n      <div data-colibri-id=\"486-c3\" data-aos=\"fadeIn\" class=\"h-row-container gutters-row-lg-2 gutters-row-md-2 gutters-row-2 gutters-row-v-lg-2 gutters-row-v-md-2 gutters-row-v-2 style-333 style-local-486-c3 position-relative\">\n        <!---->\n        <div class=\"h-row justify-content-lg-center justify-content-md-center justify-content-center align-items-lg-stretch align-items-md-stretch align-items-stretch gutters-col-lg-2 gutters-col-md-2 gutters-col-2 gutters-col-v-lg-2 gutters-col-v-md-2 gutters-col-v-2\">\n          <!---->\n          <div class=\"h-column h-column-container d-flex h-col-lg-4 h-col-md-4 h-col-12 style-334-outer style-local-486-c4-outer\">\n            <div data-colibri-id=\"486-c4\" class=\"d-flex h-flex-basis h-column__inner h-px-lg-0 h-px-md-0 h-px-0 v-inner-lg-0 v-inner-md-0 v-inner-0 style-334 style-local-486-c4 position-relative\">\n              <!---->\n              <!---->\n              <div class=\"w-100 h-y-container h-column__content h-column__v-align flex-basis-100 align-self-lg-center align-self-md-center align-self-center\">\n                <!---->\n                <div data-colibri-id=\"486-c5\" class=\"h-global-transition-all h-heading style-335 style-local-486-c5 position-relative h-element\">\n                  <!---->\n                  <div class=\"h-heading__outer style-335 style-local-486-c5\">\n                    <!---->\n                    <!---->\n                    <h4 class=\"\">Me contacter<\/h4>\n                  <\/div>\n                <\/div>\n              <\/div>\n            <\/div>\n          <\/div>\n        <\/div>\n      <\/div>\n      <div data-colibri-id=\"486-c7\" class=\"h-row-container gutters-row-lg-2 gutters-row-md-2 gutters-row-0 gutters-row-v-lg-2 gutters-row-v-md-2 gutters-row-v-2 style-384 style-local-486-c7 position-relative\">\n        <!---->\n        <div class=\"h-row justify-content-lg-center justify-content-md-center justify-content-center align-items-lg-stretch align-items-md-stretch align-items-stretch gutters-col-lg-2 gutters-col-md-2 gutters-col-0 gutters-col-v-lg-2 gutters-col-v-md-2 gutters-col-v-2\">\n          <!---->\n          <div class=\"h-column h-column-container d-flex h-col-lg-auto h-col-md-auto h-col-auto style-386-outer style-local-486-c9-outer\">\n            <div data-colibri-id=\"486-c9\" class=\"d-flex h-flex-basis h-column__inner h-px-lg-2 h-px-md-2 h-px-2 v-inner-lg-2 v-inner-md-2 v-inner-2 style-386 style-local-486-c9 position-relative\">\n              <!---->\n              <!---->\n              <div class=\"w-100 h-y-container h-column__content h-column__v-align flex-basis-100 align-self-lg-start align-self-md-start align-self-start\">\n                <!---->\n                <div data-colibri-id=\"486-c10\" class=\"h-text h-text-component style-387 style-local-486-c10 position-relative h-element\">\n                  <!---->\n                  <!---->\n                  <div class=\"\">\n                    <p>Vous pouvez me contacter via le mail ci-dessous.<\/p>\n                    <p>Merci de bien vouloir indiquer si vous \u00eates :<\/p>\n                    <p>un particulier, une association, une entreprise ou un artiste.<\/p>\n                    <p>L&#8217;objet de votre demande : <\/p>\n                    <p>Atelier, r\u00e9alisation, r\u00e9gie vid\u00e9o ou VJing.<\/p>\n                    <p>N&#8217;oubliez pas de me laisser votre nom, pr\u00e9nom, num\u00e9ro de t\u00e9l\u00e9phone et e-mail.<\/p>\n                  <\/div>\n                <\/div>\n              <\/div>\n            <\/div>\n          <\/div>\n        <\/div>\n      <\/div>\n      <div data-colibri-id=\"486-c14\" class=\"h-row-container gutters-row-lg-2 gutters-row-md-2 gutters-row-0 gutters-row-v-lg-2 gutters-row-v-md-2 gutters-row-v-2 style-391 style-local-486-c14 position-relative\">\n        <!---->\n        <div class=\"h-row justify-content-lg-center justify-content-md-center justify-content-center align-items-lg-stretch align-items-md-stretch align-items-stretch gutters-col-lg-2 gutters-col-md-2 gutters-col-0 gutters-col-v-lg-2 gutters-col-v-md-2 gutters-col-v-2\">\n          <!---->\n          <div class=\"h-column h-column-container d-flex h-col-lg-auto h-col-md-auto h-col-auto style-392-outer style-local-486-c15-outer\">\n            <div data-colibri-id=\"486-c15\" class=\"d-flex h-flex-basis h-column__inner h-px-lg-2 h-px-md-2 h-px-2 v-inner-lg-2 v-inner-md-2 v-inner-2 style-392 style-local-486-c15 position-relative\">\n              <!---->\n              <!---->\n              <div class=\"w-100 h-y-container h-column__content h-column__v-align flex-basis-100 align-self-lg-start align-self-md-start align-self-start\">\n                <!---->\n                <div data-colibri-id=\"486-c16\" class=\"h-x-container style-393 style-local-486-c16 position-relative h-element\">\n                  <!---->\n                  <div class=\"h-x-container-inner style-dynamic-486-c16-group style-393-spacing style-local-486-c16-spacing\"><span class=\"h-button__outer style-394-outer style-local-486-c17-outer d-inline-flex h-element\"><a h-use-smooth-scroll=\"true\" href=\"mailto:inzieye@gmail.com\"  data-colibri-id=\"486-c17\" class=\"d-flex w-100 align-items-center h-button justify-content-lg-center justify-content-md-center justify-content-center style-394 style-local-486-c17 position-relative\"><!----><!----> <span>e-mail<\/span><\/a>\n                    <\/span>\n                  <\/div>\n                <\/div>\n              <\/div>\n            <\/div>\n          <\/div>\n        <\/div>\n      <\/div>\n    <\/div>\n  <\/div>\n<\/div>","protected":false},"excerpt":{"rendered":"<p>Me contacter Vous pouvez me contacter via le mail ci-dessous. Merci de bien vouloir indiquer si vous \u00eates : un particulier, une association, une entreprise ou un artiste. L&#8217;objet de votre demande : Atelier, r\u00e9alisation, r\u00e9gie vid\u00e9o ou VJing. N&#8217;oubliez pas de me laisser votre nom, pr\u00e9nom, num\u00e9ro de t\u00e9l\u00e9phone et e-mail. e-mail<\/p>\n","protected":false},"author":1,"featured_media":0,"parent":0,"menu_order":0,"comment_status":"closed","ping_status":"closed","template":"page-templates\/full-width-page.php","meta":{"footnotes":""},"class_list":["post-486","page","type-page","status-publish","hentry"],"_links":{"self":[{"href":"https:\/\/inzieye.com\/index.php\/wp-json\/wp\/v2\/pages\/486","targetHints":{"allow":["GET"]}}],"collection":[{"href":"https:\/\/inzieye.com\/index.php\/wp-json\/wp\/v2\/pages"}],"about":[{"href":"https:\/\/inzieye.com\/index.php\/wp-json\/wp\/v2\/types\/page"}],"author":[{"embeddable":true,"href":"https:\/\/inzieye.com\/index.php\/wp-json\/wp\/v2\/users\/1"}],"replies":[{"embeddable":true,"href":"https:\/\/inzieye.com\/index.php\/wp-json\/wp\/v2\/comments?post=486"}],"version-history":[{"count":11,"href":"https:\/\/inzieye.com\/index.php\/wp-json\/wp\/v2\/pages\/486\/revisions"}],"predecessor-version":[{"id":715,"href":"https:\/\/inzieye.com\/index.php\/wp-json\/wp\/v2\/pages\/486\/revisions\/715"}],"wp:attachment":[{"href":"https:\/\/inzieye.com\/index.php\/wp-json\/wp\/v2\/media?parent=486"}],"curies":[{"name":"wp","href":"https:\/\/api.w.org\/{rel}","templated":true}]}}