{"id":315,"date":"2023-07-05T16:10:43","date_gmt":"2023-07-05T14:10:43","guid":{"rendered":"http:\/\/inzieye.com\/index.php\/presentation\/"},"modified":"2023-07-06T13:38:04","modified_gmt":"2023-07-06T11:38:04","slug":"presentation","status":"publish","type":"page","link":"https:\/\/inzieye.com\/index.php\/presentation\/","title":{"rendered":"Pr\u00e9sentation"},"content":{"rendered":"<div data-colibri-id=\"315-c1\" class=\"style-243 style-local-315-c1 position-relative\">\n  <!---->\n  <div data-colibri-component=\"section\" data-colibri-id=\"315-c2\" data-aos=\"fadeIn\" id=\"about\" class=\"h-section h-section-global-spacing d-flex align-items-lg-center align-items-md-center align-items-center style-257 style-local-315-c2 position-relative\">\n    <!---->\n    <!---->\n    <div class=\"h-section-grid-container h-section-boxed-container\">\n      <!---->\n      <div data-colibri-id=\"315-c3\" class=\"h-row-container gutters-row-lg-2 gutters-row-md-2 gutters-row-0 gutters-row-v-lg-2 gutters-row-v-md-2 gutters-row-v-2 style-350 style-local-315-c3 position-relative\">\n        <!---->\n        <div class=\"h-row justify-content-lg-center justify-content-md-center justify-content-center align-items-lg-stretch align-items-md-stretch align-items-stretch gutters-col-lg-2 gutters-col-md-2 gutters-col-0 gutters-col-v-lg-2 gutters-col-v-md-2 gutters-col-v-2\">\n          <!---->\n          <div class=\"h-column h-column-container d-flex h-col-lg-auto h-col-md-auto h-col-auto style-352-outer style-local-315-c4-outer\">\n            <div data-colibri-id=\"315-c4\" class=\"d-flex h-flex-basis h-column__inner h-px-lg-2 h-px-md-2 h-px-2 v-inner-lg-2 v-inner-md-2 v-inner-2 style-352 style-local-315-c4 position-relative\">\n              <!---->\n              <!---->\n              <div class=\"w-100 h-y-container h-column__content h-column__v-align flex-basis-100 align-self-lg-start align-self-md-start align-self-start\">\n                <!---->\n                <div data-colibri-id=\"315-c5\" class=\"h-lead h-text h-text-component style-286 style-local-315-c5 position-relative h-element\">\n                  <!---->\n                  <!---->\n                  <div class=\"\">\n                    <p>Pr\u00e9sentation<\/p>\n                  <\/div>\n                <\/div>\n              <\/div>\n            <\/div>\n          <\/div>\n        <\/div>\n      <\/div>\n      <div data-colibri-id=\"315-c6\" class=\"h-row-container gutters-row-lg-2 gutters-row-md-2 gutters-row-0 gutters-row-v-lg-2 gutters-row-v-md-2 gutters-row-v-2 style-258 style-local-315-c6 position-relative\">\n        <!---->\n        <div class=\"h-row justify-content-lg-center justify-content-md-center justify-content-center align-items-lg-stretch align-items-md-stretch align-items-stretch gutters-col-lg-2 gutters-col-md-2 gutters-col-0 gutters-col-v-lg-2 gutters-col-v-md-2 gutters-col-v-2\">\n          <!---->\n          <div class=\"h-column h-column-container d-flex h-col-lg-auto h-col-md-auto h-col-auto style-259-outer style-local-315-c7-outer\">\n            <div data-colibri-id=\"315-c7\" class=\"d-flex h-flex-basis h-column__inner h-ui-empty-state-container h-px-lg-0 h-px-md-0 h-px-0 v-inner-lg-0 v-inner-md-0 v-inner-0 style-259 style-local-315-c7 position-relative\">\n              <!---->\n              <!---->\n              <div class=\"w-100 h-y-container h-column__content h-column__v-align flex-basis-100\">\n                <!---->\n              <\/div>\n            <\/div>\n          <\/div>\n          <div class=\"h-column h-column-container d-flex h-col-lg-auto h-col-md-auto h-col-auto style-260-outer style-local-315-c8-outer\">\n            <div data-colibri-id=\"315-c8\" class=\"d-flex h-flex-basis h-column__inner h-px-lg-2 h-px-md-2 h-px-0 v-inner-lg-2 v-inner-md-2 v-inner-0 style-260 style-local-315-c8 position-relative\">\n              <!---->\n              <!---->\n              <div class=\"w-100 h-y-container h-column__content h-column__v-align flex-basis-100 align-self-lg-start align-self-md-start align-self-start\">\n                <!---->\n                <div data-colibri-id=\"315-c9\" class=\"h-text h-text-component style-263 style-local-315-c9 position-relative h-element\">\n                  <!---->\n                  <!---->\n                  <div class=\"\">\n                    <p><span style=\"color: rgb(224, 51, 35); font-weight: 600;\">inzieye<\/span> est un pseudonyme pour mes activit\u00e9s audiovisuelles : <em>r\u00e9alisateur, cadreur, monteur, VJ et animateur d&#8217;ateliers<\/em>.<\/p>\n                    <p>Apr\u00e8s des \u00e9tudes \u00e0 la Facult\u00e9 de Lettres et Arts (option Cin\u00e9ma), j&#8217;ai fond\u00e9 <span style=\"color: rgb(233, 51, 35);\">l&#8217;<\/span>\n                      <a href=\"http:\/\/www.assomontevideo.com\" style=\"color: rgb(233, 51, 35);\" target=\"_blank\" class=\"customize-unpreviewable\" rel=\"noopener\">association montevideo<\/a> (Metz) en 2000. J&#8217;y apprends alors la technique audiovisuelle au sein d&#8217;une \u00e9quipe d&#8217;\u00e9tudiants. Nous r\u00e9alisons des vid\u00e9os pour des artistes, institutions et entreprises et proposons des ateliers d&#8217;initiation\n                      \u00e0 la r\u00e9alisation vid\u00e9o.<\/p>\n                    <p>Depuis 2007, je travaille en <span style=\"font-weight: 600;\">freelance<\/span> sous mon nom, Eric Parisi.<\/p>\n                    <p>Je me d\u00e9finis comme un <span style=\"font-weight: 600;\">artisan vid\u00e9aste<\/span> : \u00e0 l&#8217;\u00e9coute de mes clients pour proposer un produit au plus pr\u00e8s de leurs attentes, tout en apportant mon savoir-faire technique et artistique.<\/p>\n                    <p>\u00c9galement <span style=\"font-weight: 600;\">musicien<\/span>, apr\u00e8s avoir \u00e9tudi\u00e9 le piano classique, j&#8217;ai jou\u00e9 dans diverses formations (rock, \u00e9lectro-jazz, dub\u2026).<\/p>\n                  <\/div>\n                <\/div>\n              <\/div>\n            <\/div>\n          <\/div>\n        <\/div>\n      <\/div>\n    <\/div>\n  <\/div>\n<\/div>","protected":false},"excerpt":{"rendered":"<p>Pr\u00e9sentation inzieye est un pseudonyme pour mes activit\u00e9s audiovisuelles : r\u00e9alisateur, cadreur, monteur, VJ et animateur d&#8217;ateliers. Apr\u00e8s des \u00e9tudes \u00e0 la Facult\u00e9 de Lettres et Arts (option Cin\u00e9ma), j&#8217;ai fond\u00e9 l&#8217; association montevideo (Metz) en 2000. J&#8217;y apprends alors la technique audiovisuelle au sein d&#8217;une \u00e9quipe d&#8217;\u00e9tudiants. Nous r\u00e9alisons des vid\u00e9os pour des artistes, [&hellip;]<\/p>\n","protected":false},"author":1,"featured_media":0,"parent":0,"menu_order":0,"comment_status":"closed","ping_status":"closed","template":"page-templates\/full-width-page.php","meta":{"footnotes":""},"class_list":["post-315","page","type-page","status-publish","hentry"],"_links":{"self":[{"href":"https:\/\/inzieye.com\/index.php\/wp-json\/wp\/v2\/pages\/315","targetHints":{"allow":["GET"]}}],"collection":[{"href":"https:\/\/inzieye.com\/index.php\/wp-json\/wp\/v2\/pages"}],"about":[{"href":"https:\/\/inzieye.com\/index.php\/wp-json\/wp\/v2\/types\/page"}],"author":[{"embeddable":true,"href":"https:\/\/inzieye.com\/index.php\/wp-json\/wp\/v2\/users\/1"}],"replies":[{"embeddable":true,"href":"https:\/\/inzieye.com\/index.php\/wp-json\/wp\/v2\/comments?post=315"}],"version-history":[{"count":12,"href":"https:\/\/inzieye.com\/index.php\/wp-json\/wp\/v2\/pages\/315\/revisions"}],"predecessor-version":[{"id":671,"href":"https:\/\/inzieye.com\/index.php\/wp-json\/wp\/v2\/pages\/315\/revisions\/671"}],"wp:attachment":[{"href":"https:\/\/inzieye.com\/index.php\/wp-json\/wp\/v2\/media?parent=315"}],"curies":[{"name":"wp","href":"https:\/\/api.w.org\/{rel}","templated":true}]}}